{"id":2163,"date":"2021-02-21T12:32:45","date_gmt":"2021-02-21T11:32:45","guid":{"rendered":"https:\/\/hemm-tech.pl\/?page_id=2163"},"modified":"2021-02-21T12:32:59","modified_gmt":"2021-02-21T11:32:59","slug":"polityka-prywatnosci","status":"publish","type":"page","link":"https:\/\/hemm-tech.pl\/de\/polityka-prywatnosci\/","title":{"rendered":"Polityka Prywatno\u015bci"},"content":{"rendered":"<div class=\"fusion-fullwidth fullwidth-box fusion-builder-row-1 fusion-flex-container nonhundred-percent-fullwidth non-hundred-percent-height-scrolling\" style=\"--awb-border-radius-top-left:0px;--awb-border-radius-top-right:0px;--awb-border-radius-bottom-right:0px;--awb-border-radius-bottom-left:0px;--awb-padding-top:50px;--awb-padding-bottom:20px;--awb-padding-top-medium:40px;--awb-padding-bottom-medium:48px;--awb-padding-top-small:0px;--awb-padding-bottom-small:20px;--awb-flex-wrap:wrap;\" ><div class=\"fusion-builder-row fusion-row fusion-flex-align-items-flex-start fusion-flex-justify-content-center fusion-flex-content-wrap\" style=\"max-width:1310.4px;margin-left: calc(-4% \/ 2 );margin-right: calc(-4% \/ 2 );\"><div class=\"fusion-layout-column fusion_builder_column fusion-builder-column-0 fusion_builder_column_3_5 3_5 fusion-flex-column\" style=\"--awb-bg-size:cover;--awb-width-large:60%;--awb-margin-top-large:20px;--awb-spacing-right-large:3.2%;--awb-margin-bottom-large:20px;--awb-spacing-left-large:3.2%;--awb-width-medium:66.666666666667%;--awb-order-medium:0;--awb-spacing-right-medium:2.88%;--awb-spacing-left-medium:2.88%;--awb-width-small:100%;--awb-order-small:0;--awb-spacing-right-small:1.92%;--awb-spacing-left-small:1.92%;\"><div class=\"fusion-column-wrapper fusion-column-has-shadow fusion-flex-justify-content-flex-start fusion-content-layout-column\"><div class=\"fusion-text fusion-text-1\"><div class=\"fusion-text fusion-text-1\">\n<h3 class=\"fusion-responsive-typography-calculated\" data-fontsize=\"44\" data-lineheight=\"66px\"><strong>POLITYKA COOKIES<\/strong><\/h3>\n<p>Pliki cookies strony<a href=\"https:\/\/hemm-tech.pl\"> <strong>https:\/\/hemm-tech.pl<\/strong><\/a> nie przechowuj\u0105 poufnych informacji, takich jak imi\u0119 i nazwisko czy adres. W celu ograniczenia, zablokowania lub usuni\u0119cia plik\u00f3w cookie z tej strony internetowej, nale\u017cy u\u017cy\u0107 przegl\u0105darki internetowej. Poniewa\u017c ka\u017cda z przegl\u0105darek jest inna, w menu \u201ePomoc\u201d przegl\u0105darki mo\u017cna zapozna\u0107 si\u0119 ze sposobami zmiany preferencji dotycz\u0105cych plik\u00f3w cookie.<\/p>\n<p>Google Analytics \u2013 Te pliki cookie umo\u017cliwiaj\u0105 dzia\u0142anie funkcji Google Analytics. Oprogramowanie to pomaga zdoby\u0107 i analizowa\u0107 informacje na temat wykorzystywanego rodzaju przegl\u0105darki, liczby odwiedzaj\u0105cych stron\u0119, skuteczno\u015bci kampanii marketingowych i czasu poszczeg\u00f3lnych wizyt. Informacje te s\u0142u\u017c\u0105 do udoskonalenia strony internetowego<a href=\"https:\/\/hemm-tech.pl\"> <strong>https:\/\/hemm-tech.pl<\/strong><\/a>.<\/p>\n<p>Facebook \u2013 Te pliki cookie umo\u017cliwiaj\u0105 dzia\u0142anie funkcji statystyk Facebook. Oprogramowanie to pomaga zdoby\u0107 i analizowa\u0107 informacje na temat wykorzystywanego skuteczno\u015bci kampanii marketingowych. Informacje te s\u0142u\u017c\u0105 do udoskonalenia strony internetowej <a href=\"https:\/\/hemm-tech.pl\"><strong>https:\/\/hemm-tech.pl<\/strong><\/a> oraz dopasowaniu reklam na Facebooku.<\/p>\n<p>Podmiotem zamieszczaj\u0105cym na urz\u0105dzeniu ko\u0144cowym u\u017cytkownika niniejszej strony internetowej pliki cookies oraz uzyskuj\u0105cym do nich dost\u0119p jest operator <strong>HUBERT CZELUSTA HEMM-Tech ul. Grudzielskiego 5, 62\u00ad-300 Wrze\u015bnia.<\/strong><\/p>\n<p>Pliki cookies mog\u0105 by\u0107 tak\u017ce zamieszczane w urz\u0105dzeniu ko\u0144cowym u\u017cytkownika i wykorzystywane przez wsp\u00f3\u0142pracuj\u0105cych z operatorem partner\u00f3w \u2013 Google i Facebook.<\/p>\n<p>Pliki te nie przechowuj\u0105 \u017cadnych informacji o charakterze poufnym.<\/p>\n<h3 class=\"fusion-responsive-typography-calculated\" data-fontsize=\"44\" data-lineheight=\"66px\"><strong>OCHRONA DANYCH OSOBOWYCH<\/strong><\/h3>\n<h4 class=\"fusion-responsive-typography-calculated\" data-fontsize=\"20\" data-lineheight=\"30px\">LOGI<\/h4>\n<p>Korzystanie ze strony <a href=\"https:\/\/hemm-tech.pl\">https:\/\/hemm-tech.pl<\/a>l wi\u0105\u017ce si\u0119 z przesy\u0142aniem zapyta\u0144 do serwera, na kt\u00f3rym znajduje si\u0119 strona <a href=\"https:\/\/hemm-tech.pl\"><strong>https:\/\/hemm-tech.pl<\/strong><\/a> . Ka\u017cde zapytanie skierowane do serwera zapisywane jest w logach, kt\u00f3re obejmuj\u0105 m.in. adres IP, dat\u0119 i czas serwera, informacje o przegl\u0105darce internetowej i systemie operacyjnym, z jakiego korzystasz. Dane zapisane w logach serwera nie s\u0105 kojarzone z konkretn\u0105 osob\u0105 i stanowi\u0105 wy\u0142\u0105cznie materia\u0142 pomocniczy s\u0142u\u017c\u0105cy do administracji, a ich zawarto\u015b\u0107 nie jest ujawniana nikomu poza osobami upowa\u017cnionymi do administrowania serwerem w dhosting.pl.<\/p>\n<h4 class=\"fusion-responsive-typography-calculated\" data-fontsize=\"20\" data-lineheight=\"30px\">FORMULARZ KONTAKTOWY<\/h4>\n<p>Je\u017celi wy\u015blesz wiadomo\u015b\u0107 przez formularz kontaktowy na stronie <a href=\"https:\/\/hemm-tech.pl\"><strong>https:\/\/hemm-tech.pl<\/strong><\/a> \u2013 to podane dane nie b\u0119d\u0105 wykorzystywane w celach marketingowych. Dane te przechowywane s\u0105 w firmowej skrzynce emailowej w dhosting.pl w celach zarz\u0105dzania poczt\u0105 oraz wys\u0142ania odpowiedzi e-mailowej, na Twoj\u0105 wiadomo\u015b\u0107. Osoby trzecie nie b\u0119d\u0105 mia\u0142y do nich dost\u0119pu.<\/p>\n<h4 class=\"fusion-responsive-typography-calculated\" data-fontsize=\"20\" data-lineheight=\"30px\">PODSUMOWANIE<\/h4>\n<p>W ka\u017cdej chwili masz mo\u017cliwo\u015b\u0107 dost\u0119pu do swoich danych osobowych, ich poprawiania i \u017c\u0105dania ich usuni\u0119cia.<br \/>\nW tym celu skontaktuj si\u0119 ze mn\u0105 przez adres: <a href=\"mailto:contact@hemm-tech.pl\">contact@hemm-tech.pl<\/a><\/p>\n<p>Administratorem danych osobowych jest firma, <strong>HUBERT CZELUSTA HEMM-Tech ul. Grudzielskiego 5, 62\u00ad-300 Wrze\u015bnia<\/strong><\/p>\n<p>Administrator informuje niniejszym U\u017cytkownika, \u017ce powierza przetwarzanie danych osobowych nast\u0119puj\u0105cym podmiotom:<\/p>\n<p>dhosting.pl Sp.z o.o. z siedzib\u0105 w Warszawie (00-807), Al.Jerozolimskie 98, NIP 7010198361, REGON 141998822, KRS 0000336780 \u2013 w celu przechowywania danych osobowych na serwerze.<\/p>\n<\/div>\n<\/div><\/div><\/div><\/div><\/div>\n","protected":false},"excerpt":{"rendered":"","protected":false},"author":1,"featured_media":0,"parent":0,"menu_order":0,"comment_status":"closed","ping_status":"closed","template":"100-width.php","meta":{"footnotes":""},"class_list":["post-2163","page","type-page","status-publish","hentry"],"yoast_head":"<!-- This site is optimized with the Yoast SEO plugin v24.3 - https:\/\/yoast.com\/wordpress\/plugins\/seo\/ -->\n<title>Polityka Prywatno\u015bci - Hemm-Tech Projekty linii produkcyjnych oraz maszyn przemys\u0142owych<\/title>\n<meta name=\"robots\" content=\"index, follow, max-snippet:-1, max-image-preview:large, max-video-preview:-1\" \/>\n<link rel=\"canonical\" href=\"https:\/\/hemm-tech.pl\/de\/polityka-prywatnosci\/\" \/>\n<meta property=\"og:locale\" content=\"de_DE\" \/>\n<meta property=\"og:locale:alternate\" content=\"pl_PL\" \/>\n<meta property=\"og:type\" content=\"article\" \/>\n<meta property=\"og:title\" content=\"Polityka Prywatno\u015bci - Hemm-Tech Projekty linii produkcyjnych oraz maszyn przemys\u0142owych\" \/>\n<meta property=\"og:url\" content=\"https:\/\/hemm-tech.pl\/de\/polityka-prywatnosci\/\" \/>\n<meta property=\"og:site_name\" content=\"Hemm-Tech Projekty linii produkcyjnych oraz maszyn przemys\u0142owych\" \/>\n<meta property=\"article:modified_time\" content=\"2021-02-21T11:32:59+00:00\" \/>\n<meta name=\"twitter:card\" content=\"summary_large_image\" \/>\n<meta name=\"twitter:label1\" content=\"Gesch\u00e4tzte Lesezeit\" \/>\n\t<meta name=\"twitter:data1\" content=\"5\u00a0Minuten\" \/>\n<script type=\"application\/ld+json\" class=\"yoast-schema-graph\">{\"@context\":\"https:\/\/schema.org\",\"@graph\":[{\"@type\":\"WebPage\",\"@id\":\"https:\/\/hemm-tech.pl\/polityka-prywatnosci\/\",\"url\":\"https:\/\/hemm-tech.pl\/polityka-prywatnosci\/\",\"name\":\"Polityka Prywatno\u015bci - Hemm-Tech Projekty linii produkcyjnych oraz maszyn przemys\u0142owych\",\"isPartOf\":{\"@id\":\"https:\/\/hemm-tech.pl\/#website\"},\"datePublished\":\"2021-02-21T11:32:45+00:00\",\"dateModified\":\"2021-02-21T11:32:59+00:00\",\"breadcrumb\":{\"@id\":\"https:\/\/hemm-tech.pl\/polityka-prywatnosci\/#breadcrumb\"},\"inLanguage\":\"de-DE\",\"potentialAction\":[{\"@type\":\"ReadAction\",\"target\":[\"https:\/\/hemm-tech.pl\/polityka-prywatnosci\/\"]}]},{\"@type\":\"BreadcrumbList\",\"@id\":\"https:\/\/hemm-tech.pl\/polityka-prywatnosci\/#breadcrumb\",\"itemListElement\":[{\"@type\":\"ListItem\",\"position\":1,\"name\":\"Strona g\u0142\u00f3wna\",\"item\":\"https:\/\/hemm-tech.pl\/\"},{\"@type\":\"ListItem\",\"position\":2,\"name\":\"Polityka Prywatno\u015bci\"}]},{\"@type\":\"WebSite\",\"@id\":\"https:\/\/hemm-tech.pl\/#website\",\"url\":\"https:\/\/hemm-tech.pl\/\",\"name\":\"Hemm-Tech Projekty linii produkcyjnych oraz maszyn przemys\u0142owych\",\"description\":\"Hemm-Tech Projekty linii produkcyjnych oraz maszyn przemys\u0142owych\",\"potentialAction\":[{\"@type\":\"SearchAction\",\"target\":{\"@type\":\"EntryPoint\",\"urlTemplate\":\"https:\/\/hemm-tech.pl\/?s={search_term_string}\"},\"query-input\":{\"@type\":\"PropertyValueSpecification\",\"valueRequired\":true,\"valueName\":\"search_term_string\"}}],\"inLanguage\":\"de-DE\"}]}<\/script>\n<!-- \/ Yoast SEO plugin. -->","yoast_head_json":{"title":"Polityka Prywatno\u015bci - Hemm-Tech Projekty linii produkcyjnych oraz maszyn przemys\u0142owych","robots":{"index":"index","follow":"follow","max-snippet":"max-snippet:-1","max-image-preview":"max-image-preview:large","max-video-preview":"max-video-preview:-1"},"canonical":"https:\/\/hemm-tech.pl\/de\/polityka-prywatnosci\/","og_locale":"de_DE","og_type":"article","og_title":"Polityka Prywatno\u015bci - Hemm-Tech Projekty linii produkcyjnych oraz maszyn przemys\u0142owych","og_url":"https:\/\/hemm-tech.pl\/de\/polityka-prywatnosci\/","og_site_name":"Hemm-Tech Projekty linii produkcyjnych oraz maszyn przemys\u0142owych","article_modified_time":"2021-02-21T11:32:59+00:00","twitter_card":"summary_large_image","twitter_misc":{"Gesch\u00e4tzte Lesezeit":"5\u00a0Minuten"},"schema":{"@context":"https:\/\/schema.org","@graph":[{"@type":"WebPage","@id":"https:\/\/hemm-tech.pl\/polityka-prywatnosci\/","url":"https:\/\/hemm-tech.pl\/polityka-prywatnosci\/","name":"Polityka Prywatno\u015bci - Hemm-Tech Projekty linii produkcyjnych oraz maszyn przemys\u0142owych","isPartOf":{"@id":"https:\/\/hemm-tech.pl\/#website"},"datePublished":"2021-02-21T11:32:45+00:00","dateModified":"2021-02-21T11:32:59+00:00","breadcrumb":{"@id":"https:\/\/hemm-tech.pl\/polityka-prywatnosci\/#breadcrumb"},"inLanguage":"de-DE","potentialAction":[{"@type":"ReadAction","target":["https:\/\/hemm-tech.pl\/polityka-prywatnosci\/"]}]},{"@type":"BreadcrumbList","@id":"https:\/\/hemm-tech.pl\/polityka-prywatnosci\/#breadcrumb","itemListElement":[{"@type":"ListItem","position":1,"name":"Strona g\u0142\u00f3wna","item":"https:\/\/hemm-tech.pl\/"},{"@type":"ListItem","position":2,"name":"Polityka Prywatno\u015bci"}]},{"@type":"WebSite","@id":"https:\/\/hemm-tech.pl\/#website","url":"https:\/\/hemm-tech.pl\/","name":"Hemm-Tech Projekty linii produkcyjnych oraz maszyn przemys\u0142owych","description":"Hemm-Tech Projekty linii produkcyjnych oraz maszyn przemys\u0142owych","potentialAction":[{"@type":"SearchAction","target":{"@type":"EntryPoint","urlTemplate":"https:\/\/hemm-tech.pl\/?s={search_term_string}"},"query-input":{"@type":"PropertyValueSpecification","valueRequired":true,"valueName":"search_term_string"}}],"inLanguage":"de-DE"}]}},"_links":{"self":[{"href":"https:\/\/hemm-tech.pl\/de\/wp-json\/wp\/v2\/pages\/2163","targetHints":{"allow":["GET"]}}],"collection":[{"href":"https:\/\/hemm-tech.pl\/de\/wp-json\/wp\/v2\/pages"}],"about":[{"href":"https:\/\/hemm-tech.pl\/de\/wp-json\/wp\/v2\/types\/page"}],"author":[{"embeddable":true,"href":"https:\/\/hemm-tech.pl\/de\/wp-json\/wp\/v2\/users\/1"}],"replies":[{"embeddable":true,"href":"https:\/\/hemm-tech.pl\/de\/wp-json\/wp\/v2\/comments?post=2163"}],"version-history":[{"count":3,"href":"https:\/\/hemm-tech.pl\/de\/wp-json\/wp\/v2\/pages\/2163\/revisions"}],"predecessor-version":[{"id":2166,"href":"https:\/\/hemm-tech.pl\/de\/wp-json\/wp\/v2\/pages\/2163\/revisions\/2166"}],"wp:attachment":[{"href":"https:\/\/hemm-tech.pl\/de\/wp-json\/wp\/v2\/media?parent=2163"}],"curies":[{"name":"wp","href":"https:\/\/api.w.org\/{rel}","templated":true}]}}