{"id":4,"date":"2020-08-19T16:08:38","date_gmt":"2020-08-19T16:08:38","guid":{"rendered":"https:\/\/hemm-tech.pl\/?page_id=4"},"modified":"2021-03-22T17:01:20","modified_gmt":"2021-03-22T16:01:20","slug":"accountant-home","status":"publish","type":"page","link":"https:\/\/hemm-tech.pl\/de\/","title":{"rendered":"Home"},"content":{"rendered":"<div class=\"fusion-fullwidth fullwidth-box fusion-builder-row-1 fusion-flex-container nonhundred-percent-fullwidth non-hundred-percent-height-scrolling\" style=\"--awb-border-radius-top-left:0px;--awb-border-radius-top-right:0px;--awb-border-radius-bottom-right:0px;--awb-border-radius-bottom-left:0px;--awb-padding-top:50px;--awb-padding-bottom:20px;--awb-padding-top-medium:40px;--awb-padding-bottom-medium:48px;--awb-padding-top-small:0px;--awb-padding-bottom-small:20px;--awb-flex-wrap:wrap;\" ><div class=\"fusion-builder-row fusion-row fusion-flex-align-items-flex-start fusion-flex-justify-content-center fusion-flex-content-wrap\" style=\"max-width:1310.4px;margin-left: calc(-4% \/ 2 );margin-right: calc(-4% \/ 2 );\"><div class=\"fusion-layout-column fusion_builder_column fusion-builder-column-0 fusion_builder_column_3_5 3_5 fusion-flex-column\" style=\"--awb-bg-size:cover;--awb-width-large:60%;--awb-margin-top-large:20px;--awb-spacing-right-large:3.2%;--awb-margin-bottom-large:20px;--awb-spacing-left-large:3.2%;--awb-width-medium:66.666666666667%;--awb-order-medium:0;--awb-spacing-right-medium:2.88%;--awb-spacing-left-medium:2.88%;--awb-width-small:100%;--awb-order-small:0;--awb-spacing-right-small:1.92%;--awb-spacing-left-small:1.92%;\"><div class=\"fusion-column-wrapper fusion-column-has-shadow fusion-flex-justify-content-flex-start fusion-content-layout-column\"><div class=\"fusion-title title fusion-title-1 fusion-sep-none fusion-title-text fusion-title-size-three\"><h3 class=\"fusion-title-heading title-heading-left\" style=\"margin:0;\">\u00dcber das Unternehmen<span style=\"color: #01a1db;\">.<\/span><\/h3><\/div><div class=\"fusion-text fusion-text-1\"><p>Firma HEMM-Tech ist ein gutes und engagiertes Team, keine Einzelperson. Wir sind Profis in unserem Beruf, was man an unserer Arbeit erkennen kann. Bei der Konstruktion von Maschinen und Produktionslinien setzen wir auf Innovation und bew\u00e4hrte L\u00f6sungen n der Automobil-, Lebensmittel-, Bau-, Metall- und Holzindustrie. Wir bieten den Kunden fertige L\u00f6sungen an, die f\u00fcr die Implementierung der Serien- und Massenproduktion ben\u00f6tigt werden. Dem voraus geht eine umfangreiche Unterst\u00fctzung und Identifizierung der Kundenbed\u00fcrfnisse. Jedes Projekt wird in Bezug auf die Art der Investition individuell behandelt.<\/p>\n<p>Spezialisiertes Wissen kombiniert mit Erfahrung erm\u00f6glicht es uns, das Risiko des Scheiterns von Innovationen zu eliminieren. Die Dienstleistungen, auf die wir uns spezialisieren, werden von Anfang bis Ende auf h\u00f6chstem Niveau durchgef\u00fchrt, was sich direkt auf die Wiederholbarkeit der Produktion und die Zuverl\u00e4ssigkeit der Maschinenpark und Fertigungsstra\u00dfen auswirkt.<\/p>\n<p>Unsere Erfahrung ist das Ergebnis einer langj\u00e4hrigen Zusammenarbeit mit Teams aus der Weltspitze. Sie wurde unter der Leitung von Spezialisten aus den Niederlanden, Deutschland, Polen, Indien oder Dubai gesammelt und tr\u00e4gt nun Fr\u00fcchte in Form einer von HEMM-Tech realisierten Angebots.<\/p>\n<p>Dank dessen wissen wir, dass der Maschinenpark keine willk\u00fcrlich angeordnete Ansammlung von beliebigen Ger\u00e4ten sein kann. Jeder von ihnen muss in der n\u00e4chsten Produktionsstufe seine Aufgaben in einer bestimmten Zeit und Reihenfolge ausf\u00fchren, damit das Produkt immer von h\u00f6chster Qualit\u00e4t und wiederholbar ist. Nur so ist der Erfolg der Investoren bei der Umsetzung von Massenauftr\u00e4gen gesichert. Gleichzeitig sorgt es f\u00fcr h\u00f6here Gewinne, indem es die notwendige Produktionszeit reduziert und die Zuverl\u00e4ssigkeit erh\u00f6ht.<\/p>\n<\/div><\/div><\/div><\/div><\/div>\n","protected":false},"excerpt":{"rendered":"","protected":false},"author":1,"featured_media":0,"parent":0,"menu_order":0,"comment_status":"closed","ping_status":"closed","template":"100-width.php","meta":{"footnotes":""},"class_list":["post-4","page","type-page","status-publish","hentry"],"yoast_head":"<!-- This site is optimized with the Yoast SEO plugin v24.3 - https:\/\/yoast.com\/wordpress\/plugins\/seo\/ -->\n<title>Hemm-Tech projekty linii produkcyjnych oraz maszyn przemys\u0142owych<\/title>\n<meta name=\"description\" content=\"Hemm-Tech zajmuj\u0119 si\u0119 tworzeniem projekt\u00f3w przemys\u0142owych linii produkcyjnych, a tak\u017ce maszyn. Do\u015bwiadczenie oraz sprawdzone rozwi\u0105zania.\" \/>\n<meta name=\"robots\" content=\"index, follow, max-snippet:-1, max-image-preview:large, max-video-preview:-1\" \/>\n<link rel=\"canonical\" href=\"https:\/\/hemm-tech.pl\/de\/\" \/>\n<meta property=\"og:locale\" content=\"de_DE\" \/>\n<meta property=\"og:locale:alternate\" content=\"pl_PL\" \/>\n<meta property=\"og:type\" content=\"article\" \/>\n<meta property=\"og:title\" content=\"Hemm-Tech projekty linii produkcyjnych oraz maszyn przemys\u0142owych\" \/>\n<meta property=\"og:description\" content=\"Hemm-Tech zajmuj\u0119 si\u0119 tworzeniem projekt\u00f3w przemys\u0142owych linii produkcyjnych, a tak\u017ce maszyn. Do\u015bwiadczenie oraz sprawdzone rozwi\u0105zania.\" \/>\n<meta property=\"og:url\" content=\"https:\/\/hemm-tech.pl\/de\/\" \/>\n<meta property=\"og:site_name\" content=\"Hemm-Tech Projekty linii produkcyjnych oraz maszyn przemys\u0142owych\" \/>\n<meta property=\"article:modified_time\" content=\"2021-03-22T16:01:20+00:00\" \/>\n<meta name=\"twitter:card\" content=\"summary_large_image\" \/>\n<meta name=\"twitter:label1\" content=\"Gesch\u00e4tzte Lesezeit\" \/>\n\t<meta name=\"twitter:data1\" content=\"10\u00a0Minuten\" \/>\n<script type=\"application\/ld+json\" class=\"yoast-schema-graph\">{\"@context\":\"https:\/\/schema.org\",\"@graph\":[{\"@type\":\"WebPage\",\"@id\":\"https:\/\/hemm-tech.pl\/\",\"url\":\"https:\/\/hemm-tech.pl\/\",\"name\":\"Hemm-Tech projekty linii produkcyjnych oraz maszyn przemys\u0142owych\",\"isPartOf\":{\"@id\":\"https:\/\/hemm-tech.pl\/#website\"},\"datePublished\":\"2020-08-19T16:08:38+00:00\",\"dateModified\":\"2021-03-22T16:01:20+00:00\",\"description\":\"Hemm-Tech zajmuj\u0119 si\u0119 tworzeniem projekt\u00f3w przemys\u0142owych linii produkcyjnych, a tak\u017ce maszyn. Do\u015bwiadczenie oraz sprawdzone rozwi\u0105zania.\",\"breadcrumb\":{\"@id\":\"https:\/\/hemm-tech.pl\/#breadcrumb\"},\"inLanguage\":\"de-DE\",\"potentialAction\":[{\"@type\":\"ReadAction\",\"target\":[\"https:\/\/hemm-tech.pl\/\"]}]},{\"@type\":\"BreadcrumbList\",\"@id\":\"https:\/\/hemm-tech.pl\/#breadcrumb\",\"itemListElement\":[{\"@type\":\"ListItem\",\"position\":1,\"name\":\"Strona g\u0142\u00f3wna\",\"item\":\"https:\/\/hemm-tech.pl\/\"},{\"@type\":\"ListItem\",\"position\":2,\"name\":\"Home\"}]},{\"@type\":\"WebSite\",\"@id\":\"https:\/\/hemm-tech.pl\/#website\",\"url\":\"https:\/\/hemm-tech.pl\/\",\"name\":\"Hemm-Tech Projekty linii produkcyjnych oraz maszyn przemys\u0142owych\",\"description\":\"Hemm-Tech Projekty linii produkcyjnych oraz maszyn przemys\u0142owych\",\"potentialAction\":[{\"@type\":\"SearchAction\",\"target\":{\"@type\":\"EntryPoint\",\"urlTemplate\":\"https:\/\/hemm-tech.pl\/?s={search_term_string}\"},\"query-input\":{\"@type\":\"PropertyValueSpecification\",\"valueRequired\":true,\"valueName\":\"search_term_string\"}}],\"inLanguage\":\"de-DE\"}]}<\/script>\n<!-- \/ Yoast SEO plugin. -->","yoast_head_json":{"title":"Hemm-Tech projekty linii produkcyjnych oraz maszyn przemys\u0142owych","description":"Hemm-Tech zajmuj\u0119 si\u0119 tworzeniem projekt\u00f3w przemys\u0142owych linii produkcyjnych, a tak\u017ce maszyn. Do\u015bwiadczenie oraz sprawdzone rozwi\u0105zania.","robots":{"index":"index","follow":"follow","max-snippet":"max-snippet:-1","max-image-preview":"max-image-preview:large","max-video-preview":"max-video-preview:-1"},"canonical":"https:\/\/hemm-tech.pl\/de\/","og_locale":"de_DE","og_type":"article","og_title":"Hemm-Tech projekty linii produkcyjnych oraz maszyn przemys\u0142owych","og_description":"Hemm-Tech zajmuj\u0119 si\u0119 tworzeniem projekt\u00f3w przemys\u0142owych linii produkcyjnych, a tak\u017ce maszyn. Do\u015bwiadczenie oraz sprawdzone rozwi\u0105zania.","og_url":"https:\/\/hemm-tech.pl\/de\/","og_site_name":"Hemm-Tech Projekty linii produkcyjnych oraz maszyn przemys\u0142owych","article_modified_time":"2021-03-22T16:01:20+00:00","twitter_card":"summary_large_image","twitter_misc":{"Gesch\u00e4tzte Lesezeit":"10\u00a0Minuten"},"schema":{"@context":"https:\/\/schema.org","@graph":[{"@type":"WebPage","@id":"https:\/\/hemm-tech.pl\/","url":"https:\/\/hemm-tech.pl\/","name":"Hemm-Tech projekty linii produkcyjnych oraz maszyn przemys\u0142owych","isPartOf":{"@id":"https:\/\/hemm-tech.pl\/#website"},"datePublished":"2020-08-19T16:08:38+00:00","dateModified":"2021-03-22T16:01:20+00:00","description":"Hemm-Tech zajmuj\u0119 si\u0119 tworzeniem projekt\u00f3w przemys\u0142owych linii produkcyjnych, a tak\u017ce maszyn. Do\u015bwiadczenie oraz sprawdzone rozwi\u0105zania.","breadcrumb":{"@id":"https:\/\/hemm-tech.pl\/#breadcrumb"},"inLanguage":"de-DE","potentialAction":[{"@type":"ReadAction","target":["https:\/\/hemm-tech.pl\/"]}]},{"@type":"BreadcrumbList","@id":"https:\/\/hemm-tech.pl\/#breadcrumb","itemListElement":[{"@type":"ListItem","position":1,"name":"Strona g\u0142\u00f3wna","item":"https:\/\/hemm-tech.pl\/"},{"@type":"ListItem","position":2,"name":"Home"}]},{"@type":"WebSite","@id":"https:\/\/hemm-tech.pl\/#website","url":"https:\/\/hemm-tech.pl\/","name":"Hemm-Tech Projekty linii produkcyjnych oraz maszyn przemys\u0142owych","description":"Hemm-Tech Projekty linii produkcyjnych oraz maszyn przemys\u0142owych","potentialAction":[{"@type":"SearchAction","target":{"@type":"EntryPoint","urlTemplate":"https:\/\/hemm-tech.pl\/?s={search_term_string}"},"query-input":{"@type":"PropertyValueSpecification","valueRequired":true,"valueName":"search_term_string"}}],"inLanguage":"de-DE"}]}},"_links":{"self":[{"href":"https:\/\/hemm-tech.pl\/de\/wp-json\/wp\/v2\/pages\/4","targetHints":{"allow":["GET"]}}],"collection":[{"href":"https:\/\/hemm-tech.pl\/de\/wp-json\/wp\/v2\/pages"}],"about":[{"href":"https:\/\/hemm-tech.pl\/de\/wp-json\/wp\/v2\/types\/page"}],"author":[{"embeddable":true,"href":"https:\/\/hemm-tech.pl\/de\/wp-json\/wp\/v2\/users\/1"}],"replies":[{"embeddable":true,"href":"https:\/\/hemm-tech.pl\/de\/wp-json\/wp\/v2\/comments?post=4"}],"version-history":[{"count":13,"href":"https:\/\/hemm-tech.pl\/de\/wp-json\/wp\/v2\/pages\/4\/revisions"}],"predecessor-version":[{"id":2287,"href":"https:\/\/hemm-tech.pl\/de\/wp-json\/wp\/v2\/pages\/4\/revisions\/2287"}],"wp:attachment":[{"href":"https:\/\/hemm-tech.pl\/de\/wp-json\/wp\/v2\/media?parent=4"}],"curies":[{"name":"wp","href":"https:\/\/api.w.org\/{rel}","templated":true}]}}