{"id":42,"date":"2020-08-20T17:50:18","date_gmt":"2020-08-20T17:50:18","guid":{"rendered":"https:\/\/hemm-tech.pl\/?page_id=42"},"modified":"2025-02-03T14:20:31","modified_gmt":"2025-02-03T13:20:31","slug":"uslugi","status":"publish","type":"page","link":"https:\/\/hemm-tech.pl\/de\/uslugi\/","title":{"rendered":"Us\u0142ugi"},"content":{"rendered":"<p><div class=\"fusion-fullwidth fullwidth-box fusion-builder-row-1 fusion-flex-container nonhundred-percent-fullwidth non-hundred-percent-height-scrolling\" style=\"--awb-border-radius-top-left:0px;--awb-border-radius-top-right:0px;--awb-border-radius-bottom-right:0px;--awb-border-radius-bottom-left:0px;--awb-padding-top:50px;--awb-padding-bottom:20px;--awb-padding-top-medium:40px;--awb-padding-bottom-medium:48px;--awb-padding-top-small:0px;--awb-padding-bottom-small:20px;--awb-flex-wrap:wrap;\" ><div class=\"fusion-builder-row fusion-row fusion-flex-align-items-flex-start fusion-flex-justify-content-center fusion-flex-content-wrap\" style=\"max-width:1310.4px;margin-left: calc(-4% \/ 2 );margin-right: calc(-4% \/ 2 );\"><div class=\"fusion-layout-column fusion_builder_column fusion-builder-column-0 fusion_builder_column_3_5 3_5 fusion-flex-column\" style=\"--awb-bg-size:cover;--awb-width-large:60%;--awb-margin-top-large:20px;--awb-spacing-right-large:3.2%;--awb-margin-bottom-large:20px;--awb-spacing-left-large:3.2%;--awb-width-medium:66.666666666667%;--awb-order-medium:0;--awb-spacing-right-medium:2.88%;--awb-spacing-left-medium:2.88%;--awb-width-small:100%;--awb-order-small:0;--awb-spacing-right-small:1.92%;--awb-spacing-left-small:1.92%;\"><div class=\"fusion-column-wrapper fusion-column-has-shadow fusion-flex-justify-content-flex-start fusion-content-layout-column\"><div class=\"fusion-title title fusion-title-1 fusion-sep-none fusion-title-text fusion-title-size-three\"><h3 class=\"fusion-title-heading title-heading-left\" style=\"margin:0;\">Dienstleistungen<span style=\"color: #01a1db;\">.<\/span><\/h3><\/div><div class=\"fusion-text fusion-text-1\"><p>Bei HEMM-Tech steht die Qualit\u00e4t im Vordergrund, was sich in jeder Phase der Planung, Realisierung und Inbetriebnahme von Produktions- und Prozesslinien zeigt. Spezialisiertes Wissen, unterst\u00fctzt durch internationale Erfahrung, f\u00fchrt zu individuellen Investitionen, die immer auf den Kunden zugeschnitten sind.<\/p>\n<p>Bei der Konstruktion von Industriemaschinen und dem Transport in Produktionshallen ist eine Personalisierung der Ausr\u00fcstung erforderlich. Wir erf\u00fcllen die Erwartungen der Investoren bei der Umsetzung von Projekten, um die h\u00f6chste Qualit\u00e4t, die Reduzierung der mit der Produktion verbundenen Kosten, die Wiederholbarkeit der Produkte und den Betrieb der Linie mit minimaler menschlicher Beteiligung zu gew\u00e4hrleisten. Dadurch wird das Risiko von Normabweichungen minimiert und der Einfluss menschlicher Fehler auf das Endprodukt eliminiert.<\/p>\n<p>Zu den Dienstleistungen, die wir unseren Kunden anbieten, geh\u00f6rt auch die Einrichtung der Wartung. Dieses Verfahren erm\u00f6glicht trotz seiner anf\u00e4nglichen Komplexit\u00e4t den Zugang zu effizienten Maschinen und Anlagen, die sich in den maschinellen Abl\u00e4ufen von Prozesslinien als unverzichtbar erweisen. Dabei spielt es keine Rolle, ob es sich um die Automobil-, Lebensmittel-, Metallurgie-, Bau- oder Holzverarbeitungsindustrie handelt.<\/p>\n<p>Bei der Notwendigkeit der Verlagerung von Maschinen handeln wir stets mit R\u00fccksicht auf die Sicherheitsprinzipien und Sorgfalt sowohl f\u00fcr die Ger\u00e4te als auch f\u00fcr die Mitarbeiter. Die Planung, Ausf\u00fchrung und Inbetriebnahme der F\u00f6rderanlagen am neuen Ort kann ohne Produktionsausfall erfolgen. Was man dazu braucht, ist ein richtiger Plan, Synchronisation, die F\u00e4higkeit, sich an Anweisungen anzupassen und ein effektives Personalmanagement. Die Nutzung der Dienstleistungen von HEMM-Tech ist eine Garantie f\u00fcr Zufriedenheit und Steigerung der Produktivit\u00e4t des Unternehmens.<\/p>\n<\/div><\/div><\/div><\/div><\/div><div class=\"fusion-fullwidth fullwidth-box fusion-builder-row-2 fusion-flex-container nonhundred-percent-fullwidth non-hundred-percent-height-scrolling\" style=\"--awb-border-radius-top-left:0px;--awb-border-radius-top-right:0px;--awb-border-radius-bottom-right:0px;--awb-border-radius-bottom-left:0px;--awb-padding-top:80px;--awb-padding-bottom:80px;--awb-padding-top-medium:48px;--awb-padding-bottom-medium:48px;--awb-padding-top-small:20px;--awb-padding-bottom-small:40px;--awb-background-color:#f9fafb;--awb-flex-wrap:wrap;\" ><div class=\"fusion-builder-row fusion-row fusion-flex-align-items-flex-start fusion-flex-justify-content-center fusion-flex-content-wrap\" style=\"max-width:1310.4px;margin-left: calc(-4% \/ 2 );margin-right: calc(-4% \/ 2 );\"><div class=\"fusion-layout-column fusion_builder_column fusion-builder-column-1 fusion_builder_column_1_1 1_1 fusion-flex-column\" style=\"--awb-bg-size:cover;--awb-width-large:100%;--awb-margin-top-large:20px;--awb-spacing-right-large:4.8%;--awb-margin-bottom-large:20px;--awb-spacing-left-large:8.64%;--awb-width-medium:100%;--awb-order-medium:0;--awb-spacing-right-medium:3.84%;--awb-spacing-left-medium:3.84%;--awb-width-small:100%;--awb-order-small:0;--awb-spacing-right-small:1.92%;--awb-margin-bottom-small:0px;--awb-spacing-left-small:1.92%;\"><div class=\"fusion-column-wrapper fusion-column-has-shadow fusion-flex-justify-content-flex-start fusion-content-layout-column\"><div class=\"fusion-content-boxes content-boxes columns row fusion-columns-1 fusion-columns-total-4 fusion-content-boxes-1 content-boxes-icon-on-side content-left fusion-delayed-animation\" style=\"--awb-iconcolor:#005a8f;--awb-margin-top:0px;--awb-margin-bottom:0px;--awb-hover-accent-color:#01a1db;--awb-circle-hover-accent-color:transparent;--awb-item-margin-bottom:40px;\" data-animation-delay=\"500\" data-animationOffset=\"top-into-view\"><div style=\"--awb-backgroundcolor:rgba(255,255,255,0);--awb-iconcolor:#005a8f;--awb-content-padding-left:68px;\" class=\"fusion-column content-box-column content-box-column content-box-column-1 col-lg-12 col-md-12 col-sm-12 fusion-content-box-hover content-box-column-last-in-row\"><div class=\"col content-box-wrapper content-wrapper link-area-link-icon content-icon-wrapper-yes icon-hover-animation-fade\" data-animationOffset=\"top-into-view\"><div class=\"heading heading-with-icon icon-left\"><div class=\"icon\" style=\"-webkit-animation-duration: 500ms;animation-duration: 500ms;\"><span ><i style=\"background-color:transparent;border-color:transparent;height:auto;width: 48px;line-height:normal;font-size:48px;\" aria-hidden=\"true\" class=\"fontawesome-icon icon-accountant-check circle-no\"><\/i><\/span><\/div><h4 class=\"content-box-heading\" style=\"--h4_typography-font-size:24px;line-height:29px;padding-left:68px;\">Maschinenkonstruktion und Maschinenbau<\/h4><\/div><div class=\"fusion-clearfix\"><\/div><div class=\"content-container\">\n<p>Um eine maximale Effizienz und Wiederholbarkeit der Produktion zu erreichen, verf\u00fcgen wir \u00fcber technologische L\u00f6sungen, die die Herstellung von Maschinen nach individuellen Kundenauftr\u00e4gen erm\u00f6glichen. Was vor allem z\u00e4hlt, ist Ihre Zufriedenheit, und eine pr\u00e4zise gefertigte Serie von Industriemaschinen ist der Weg dorthin. Wir arbeiten mit der Automobil-, Lebensmittel-, Bau-, Metall- und Holzindustrie zusammen.<\/p>\n<\/div><\/div><\/div><div style=\"--awb-backgroundcolor:rgba(255,255,255,0);--awb-iconcolor:#005a8f;--awb-content-padding-left:68px;\" class=\"fusion-column content-box-column content-box-column content-box-column-2 col-lg-12 col-md-12 col-sm-12 fusion-content-box-hover content-box-column-last-in-row\"><div class=\"col content-box-wrapper content-wrapper link-area-link-icon content-icon-wrapper-yes icon-hover-animation-fade\" data-animationOffset=\"top-into-view\"><div class=\"heading heading-with-icon icon-left\"><div class=\"icon\" style=\"-webkit-animation-duration: 500ms;animation-duration: 500ms;\"><span ><i style=\"background-color:transparent;border-color:transparent;height:auto;width: 48px;line-height:normal;font-size:48px;\" aria-hidden=\"true\" class=\"fontawesome-icon icon-accountant-check circle-no\"><\/i><\/span><\/div><h4 class=\"content-box-heading\" style=\"--h4_typography-font-size:24px;line-height:29px;padding-left:68px;\">Instandhaltung<\/h4><\/div><div class=\"fusion-clearfix\"><\/div><div class=\"content-container\">Das Hauptziel von TPM ist die Erh\u00f6hung der Stabilit\u00e4t von Produktionsprozessen sowie die Verl\u00e4ngerung der Lebensdauer und die Reduzierung der Wartungskosten von Maschinen und Anlagen. Die Sicherstellung des Zugangs zu einem effizienten Maschinenpark, der ohne Ausfallzeiten<br \/>\narbeitet, tr\u00e4gt zur Rentabilit\u00e4t der Produktion bei. Deshalb bieten wir Unterst\u00fctzung bei der Optimierung von Produktionsprozessen in vielen Branchen, bei der Planung des maximalen Potenzials des Unternehmens, bei der Modernisierung von Betriebsanlagen, bei Service und Reparatur.<\/div><\/div><\/div><div style=\"--awb-backgroundcolor:rgba(255,255,255,0);--awb-iconcolor:#005a8f;--awb-content-padding-left:68px;\" class=\"fusion-column content-box-column content-box-column content-box-column-3 col-lg-12 col-md-12 col-sm-12 fusion-content-box-hover content-box-column-last-in-row\"><div class=\"col content-box-wrapper content-wrapper link-area-link-icon content-icon-wrapper-yes icon-hover-animation-fade\" data-animationOffset=\"top-into-view\"><div class=\"heading heading-with-icon icon-left\"><div class=\"icon\" style=\"-webkit-animation-duration: 500ms;animation-duration: 500ms;\"><span ><i style=\"background-color:transparent;border-color:transparent;height:auto;width: 48px;line-height:normal;font-size:48px;\" aria-hidden=\"true\" class=\"fontawesome-icon icon-accountant-check circle-no\"><\/i><\/span><\/div><h4 class=\"content-box-heading\" style=\"--h4_typography-font-size:24px;line-height:29px;padding-left:68px;\">F\u00f6rdertechnik<\/h4><\/div><div class=\"fusion-clearfix\"><\/div><div class=\"content-container\">Um Transportsysteme in Unternehmen zu implementieren werden Projekte unter dem starken Einfluss unserer Kunden, die mit uns zusammenarbeiten, realisiert. Reproduzierbarkeit in der Produktion und der Einsatz von Gro\u00dfkomponenten m\u00fcssen Hand in Hand gehen mit einem effizienten Transport, auf den wir uns spezialisiert haben. Deshalb finden Sie bei HEMM-Tech nur professionelle L\u00f6sungen.<\/div><\/div><\/div><div style=\"--awb-backgroundcolor:rgba(255,255,255,0);--awb-iconcolor:#005a8f;--awb-content-padding-left:68px;\" class=\"fusion-column content-box-column content-box-column content-box-column-4 col-lg-12 col-md-12 col-sm-12 fusion-content-box-hover content-box-column-last content-box-column-last-in-row\"><div class=\"col content-box-wrapper content-wrapper link-area-link-icon content-icon-wrapper-yes icon-hover-animation-fade\" data-animationOffset=\"top-into-view\"><div class=\"heading heading-with-icon icon-left\"><div class=\"icon\" style=\"-webkit-animation-duration: 500ms;animation-duration: 500ms;\"><span ><i style=\"background-color:transparent;border-color:transparent;height:auto;width: 48px;line-height:normal;font-size:48px;\" aria-hidden=\"true\" class=\"fontawesome-icon icon-accountant-check circle-no\"><\/i><\/span><\/div><h4 class=\"content-box-heading\" style=\"--h4_typography-font-size:24px;line-height:29px;padding-left:68px;\">Montage<\/h4><\/div><div class=\"fusion-clearfix\"><\/div><div class=\"content-container\">Der Bau von Industriemaschinen ist nicht alles, deshalb finden Sie in unserem Serviceangebot auch deren Montage. Qualifizierte Mitarbeiter von HEMM-Tech realisieren die Montage von Maschinen, Anlagen und leichten Stahlkonstruktionen. Wir schulen auch zuk\u00fcnftige Bediener, damit sie diese effizient und selbstst\u00e4ndig bedienen k\u00f6nnen.<\/div><\/div><\/div><div class=\"fusion-clearfix\"><\/div><\/div><\/div><\/div><div class=\"fusion-layout-column fusion_builder_column fusion-builder-column-2 fusion_builder_column_1_1 1_1 fusion-flex-column\" style=\"--awb-bg-size:cover;--awb-width-large:100%;--awb-margin-top-large:20px;--awb-spacing-right-large:8.64%;--awb-margin-bottom-large:20px;--awb-spacing-left-large:4.8%;--awb-width-medium:100%;--awb-order-medium:0;--awb-spacing-right-medium:3.84%;--awb-spacing-left-medium:3.84%;--awb-width-small:100%;--awb-order-small:0;--awb-margin-top-small:0px;--awb-spacing-right-small:1.92%;--awb-margin-bottom-small:10px;--awb-spacing-left-small:1.92%;\"><div class=\"fusion-column-wrapper fusion-column-has-shadow fusion-flex-justify-content-flex-start fusion-content-layout-column\"><div class=\"fusion-content-boxes content-boxes columns row fusion-columns-1 fusion-columns-total-4 fusion-content-boxes-2 content-boxes-icon-on-side content-left fusion-delayed-animation\" style=\"--awb-iconcolor:#005a8f;--awb-margin-top:0px;--awb-margin-bottom:0px;--awb-hover-accent-color:#01a1db;--awb-circle-hover-accent-color:transparent;--awb-item-margin-bottom:40px;\" data-animation-delay=\"500\" data-animationOffset=\"top-into-view\"><div style=\"--awb-backgroundcolor:rgba(255,255,255,0);--awb-iconcolor:#005a8f;--awb-content-padding-left:68px;\" class=\"fusion-column content-box-column content-box-column content-box-column-1 col-lg-12 col-md-12 col-sm-12 fusion-content-box-hover content-box-column-last-in-row\"><div class=\"col content-box-wrapper content-wrapper link-area-link-icon content-icon-wrapper-yes icon-hover-animation-fade\" data-animationOffset=\"top-into-view\"><div class=\"heading heading-with-icon icon-left\"><div class=\"icon\" style=\"-webkit-animation-duration: 500ms;animation-duration: 500ms;\"><span ><i style=\"background-color:transparent;border-color:transparent;height:auto;width: 48px;line-height:normal;font-size:48px;\" aria-hidden=\"true\" class=\"fontawesome-icon icon-accountant-check circle-no\"><\/i><\/span><\/div><h4 class=\"content-box-heading\" style=\"--h4_typography-font-size:24px;line-height:29px;padding-left:68px;\">Automatisierung der Produktion<\/h4><\/div><div class=\"fusion-clearfix\"><\/div><div class=\"content-container\">Die von HEMM-Tech angebotene Konstruktion und Implementierung von Roboterarbeitspl\u00e4tzen erm\u00f6glicht eine Beschleunigung und erh\u00f6hte Wiederholbarkeit der Produktion. Das Ersetzen mehrerer Mitarbeiter durch eine Maschine verbessert die Genauigkeit, entlastet das Personal von schwierigen und schweren Arbeiten wie Schwei\u00dfen, Lackieren, Palettieren oder Transportieren. Die menschliche Beteiligung beschr\u00e4nkt sich auf die \u00dcberwachung und Bearbeitung der Einstellungen.<\/div><\/div><\/div><div style=\"--awb-backgroundcolor:rgba(255,255,255,0);--awb-iconcolor:#005a8f;--awb-content-padding-left:68px;\" class=\"fusion-column content-box-column content-box-column content-box-column-2 col-lg-12 col-md-12 col-sm-12 fusion-content-box-hover content-box-column-last-in-row\"><div class=\"col content-box-wrapper content-wrapper link-area-link-icon content-icon-wrapper-yes icon-hover-animation-fade\" data-animationOffset=\"top-into-view\"><div class=\"heading heading-with-icon icon-left\"><div class=\"icon\" style=\"-webkit-animation-duration: 500ms;animation-duration: 500ms;\"><span ><i style=\"background-color:transparent;border-color:transparent;height:auto;width: 48px;line-height:normal;font-size:48px;\" aria-hidden=\"true\" class=\"fontawesome-icon icon-accountant-check circle-no\"><\/i><\/span><\/div><h4 class=\"content-box-heading\" style=\"--h4_typography-font-size:24px;line-height:29px;padding-left:68px;\">Schwei\u00dfen<\/h4><\/div><div class=\"fusion-clearfix\"><\/div><div class=\"content-container\">Unsere Schwei\u00dfl\u00f6sungen werden individuell auf die Bed\u00fcrfnisse des jeweiligen Unternehmens zugeschnitten, um das beste Ergebnis zu erzielen.<\/div><\/div><\/div><div style=\"--awb-backgroundcolor:rgba(255,255,255,0);--awb-iconcolor:#005a8f;--awb-content-padding-left:68px;\" class=\"fusion-column content-box-column content-box-column content-box-column-3 col-lg-12 col-md-12 col-sm-12 fusion-content-box-hover content-box-column-last-in-row\"><div class=\"col content-box-wrapper content-wrapper link-area-link-icon content-icon-wrapper-yes icon-hover-animation-fade\" data-animationOffset=\"top-into-view\"><div class=\"heading heading-with-icon icon-left\"><div class=\"icon\" style=\"-webkit-animation-duration: 500ms;animation-duration: 500ms;\"><span ><i style=\"background-color:transparent;border-color:transparent;height:auto;width: 48px;line-height:normal;font-size:48px;\" aria-hidden=\"true\" class=\"fontawesome-icon icon-accountant-check circle-no\"><\/i><\/span><\/div><h4 class=\"content-box-heading\" style=\"--h4_typography-font-size:24px;line-height:29px;padding-left:68px;\">Photovoltaikanlagen<\/h4><\/div><div class=\"fusion-clearfix\"><\/div><div class=\"content-container\">Die Planung und Realisierung von Photovoltaikanlagen erfolgt mit viel Liebe zum Detail und unter Erzielung einer maximalen Energieeffizienz. Die von uns eingesetzten Technologien erm\u00f6glichen es Privatkunden und Unternehmern, Einsparungen durch die Installation von Solarmodulen zu erzielen.<\/div><\/div><\/div><div style=\"--awb-backgroundcolor:rgba(255,255,255,0);--awb-iconcolor:#005a8f;--awb-content-padding-left:68px;\" class=\"fusion-column content-box-column content-box-column content-box-column-4 col-lg-12 col-md-12 col-sm-12 fusion-content-box-hover content-box-column-last content-box-column-last-in-row\"><div class=\"col content-box-wrapper content-wrapper link-area-link-icon content-icon-wrapper-yes icon-hover-animation-fade\" data-animationOffset=\"top-into-view\"><div class=\"heading heading-with-icon icon-left\"><div class=\"icon\" style=\"-webkit-animation-duration: 500ms;animation-duration: 500ms;\"><span ><i style=\"background-color:transparent;border-color:transparent;height:auto;width: 48px;line-height:normal;font-size:48px;\" aria-hidden=\"true\" class=\"fontawesome-icon icon-accountant-check circle-no\"><\/i><\/span><\/div><h4 class=\"content-box-heading\" style=\"--h4_typography-font-size:24px;line-height:29px;padding-left:68px;\">Metallverarbeitung<\/h4><\/div><div class=\"fusion-clearfix\"><\/div><div class=\"content-container\">Der Einsatz von CNC-Werkzeugmaschinen durch HEMM-Tech gew\u00e4hrleistet Wiederholgenauigkeit und reduziert die Produktionskosten, sowohl bei Einzelelementen als auch bei der Gro\u00dfserienfertigung.<\/div><\/div><\/div><div class=\"fusion-clearfix\"><\/div><\/div><\/div><\/div><\/div><\/div><\/p>\n","protected":false},"excerpt":{"rendered":"","protected":false},"author":1,"featured_media":0,"parent":0,"menu_order":0,"comment_status":"closed","ping_status":"closed","template":"100-width.php","meta":{"footnotes":""},"class_list":["post-42","page","type-page","status-publish","hentry"],"yoast_head":"<!-- This site is optimized with the Yoast SEO plugin v24.3 - https:\/\/yoast.com\/wordpress\/plugins\/seo\/ -->\n<title>Us\u0142ugi - Hemm-Tech Projekty linii produkcyjnych oraz maszyn przemys\u0142owych<\/title>\n<meta name=\"robots\" content=\"index, follow, max-snippet:-1, max-image-preview:large, max-video-preview:-1\" \/>\n<link rel=\"canonical\" href=\"https:\/\/hemm-tech.pl\/de\/uslugi\/\" \/>\n<meta property=\"og:locale\" content=\"de_DE\" \/>\n<meta property=\"og:locale:alternate\" content=\"pl_PL\" \/>\n<meta property=\"og:type\" content=\"article\" \/>\n<meta property=\"og:title\" content=\"Us\u0142ugi\" \/>\n<meta property=\"og:url\" content=\"https:\/\/hemm-tech.pl\/de\/uslugi\/\" \/>\n<meta property=\"og:site_name\" content=\"Hemm-Tech Projekty linii produkcyjnych oraz maszyn przemys\u0142owych\" \/>\n<meta property=\"article:modified_time\" content=\"2025-02-03T13:20:31+00:00\" \/>\n<meta name=\"twitter:card\" content=\"summary_large_image\" \/>\n<meta name=\"twitter:label1\" content=\"Gesch\u00e4tzte Lesezeit\" \/>\n\t<meta name=\"twitter:data1\" content=\"4\u00a0Minuten\" \/>\n<script type=\"application\/ld+json\" class=\"yoast-schema-graph\">{\"@context\":\"https:\/\/schema.org\",\"@graph\":[{\"@type\":\"WebPage\",\"@id\":\"https:\/\/hemm-tech.pl\/de\/uslugi\/\",\"url\":\"https:\/\/hemm-tech.pl\/de\/uslugi\/\",\"name\":\"Us\u0142ugi\",\"isPartOf\":{\"@id\":\"https:\/\/hemm-tech.pl\/#website\"},\"datePublished\":\"2020-08-20T17:50:18+00:00\",\"dateModified\":\"2025-02-03T13:20:31+00:00\",\"breadcrumb\":{\"@id\":\"https:\/\/hemm-tech.pl\/de\/uslugi\/#breadcrumb\"},\"inLanguage\":\"de-DE\",\"potentialAction\":[{\"@type\":\"ReadAction\",\"target\":[\"https:\/\/hemm-tech.pl\/de\/uslugi\/\"]}]},{\"@type\":\"BreadcrumbList\",\"@id\":\"https:\/\/hemm-tech.pl\/de\/uslugi\/#breadcrumb\",\"itemListElement\":[{\"@type\":\"ListItem\",\"position\":1,\"name\":\"Strona g\u0142\u00f3wna\",\"item\":\"https:\/\/hemm-tech.pl\/\"},{\"@type\":\"ListItem\",\"position\":2,\"name\":\"Us\u0142ugi\"}]},{\"@type\":\"WebSite\",\"@id\":\"https:\/\/hemm-tech.pl\/#website\",\"url\":\"https:\/\/hemm-tech.pl\/\",\"name\":\"Hemm-Tech Projekty linii produkcyjnych oraz maszyn przemys\u0142owych\",\"description\":\"Hemm-Tech Projekty linii produkcyjnych oraz maszyn przemys\u0142owych\",\"potentialAction\":[{\"@type\":\"SearchAction\",\"target\":{\"@type\":\"EntryPoint\",\"urlTemplate\":\"https:\/\/hemm-tech.pl\/?s={search_term_string}\"},\"query-input\":{\"@type\":\"PropertyValueSpecification\",\"valueRequired\":true,\"valueName\":\"search_term_string\"}}],\"inLanguage\":\"de-DE\"}]}<\/script>\n<!-- \/ Yoast SEO plugin. -->","yoast_head_json":{"title":"Us\u0142ugi - Hemm-Tech Projekty linii produkcyjnych oraz maszyn przemys\u0142owych","robots":{"index":"index","follow":"follow","max-snippet":"max-snippet:-1","max-image-preview":"max-image-preview:large","max-video-preview":"max-video-preview:-1"},"canonical":"https:\/\/hemm-tech.pl\/de\/uslugi\/","og_locale":"de_DE","og_type":"article","og_title":"[:de]Us\u0142ugi[:pl]Us\u0142ugi[:] - Hemm-Tech Projekty linii produkcyjnych oraz maszyn przemys\u0142owych","og_url":"https:\/\/hemm-tech.pl\/de\/uslugi\/","og_site_name":"Hemm-Tech Projekty linii produkcyjnych oraz maszyn przemys\u0142owych","article_modified_time":"2025-02-03T13:20:31+00:00","twitter_card":"summary_large_image","twitter_misc":{"Gesch\u00e4tzte Lesezeit":"4\u00a0Minuten"},"schema":{"@context":"https:\/\/schema.org","@graph":[{"@type":"WebPage","@id":"https:\/\/hemm-tech.pl\/de\/uslugi\/","url":"https:\/\/hemm-tech.pl\/de\/uslugi\/","name":"Us\u0142ugi","isPartOf":{"@id":"https:\/\/hemm-tech.pl\/#website"},"datePublished":"2020-08-20T17:50:18+00:00","dateModified":"2025-02-03T13:20:31+00:00","breadcrumb":{"@id":"https:\/\/hemm-tech.pl\/de\/uslugi\/#breadcrumb"},"inLanguage":"de-DE","potentialAction":[{"@type":"ReadAction","target":["https:\/\/hemm-tech.pl\/de\/uslugi\/"]}]},{"@type":"BreadcrumbList","@id":"https:\/\/hemm-tech.pl\/de\/uslugi\/#breadcrumb","itemListElement":[{"@type":"ListItem","position":1,"name":"Strona g\u0142\u00f3wna","item":"https:\/\/hemm-tech.pl\/"},{"@type":"ListItem","position":2,"name":"Us\u0142ugi"}]},{"@type":"WebSite","@id":"https:\/\/hemm-tech.pl\/#website","url":"https:\/\/hemm-tech.pl\/","name":"Hemm-Tech Projekty linii produkcyjnych oraz maszyn przemys\u0142owych","description":"Hemm-Tech Projekty linii produkcyjnych oraz maszyn przemys\u0142owych","potentialAction":[{"@type":"SearchAction","target":{"@type":"EntryPoint","urlTemplate":"https:\/\/hemm-tech.pl\/?s={search_term_string}"},"query-input":{"@type":"PropertyValueSpecification","valueRequired":true,"valueName":"search_term_string"}}],"inLanguage":"de-DE"}]}},"_links":{"self":[{"href":"https:\/\/hemm-tech.pl\/de\/wp-json\/wp\/v2\/pages\/42","targetHints":{"allow":["GET"]}}],"collection":[{"href":"https:\/\/hemm-tech.pl\/de\/wp-json\/wp\/v2\/pages"}],"about":[{"href":"https:\/\/hemm-tech.pl\/de\/wp-json\/wp\/v2\/types\/page"}],"author":[{"embeddable":true,"href":"https:\/\/hemm-tech.pl\/de\/wp-json\/wp\/v2\/users\/1"}],"replies":[{"embeddable":true,"href":"https:\/\/hemm-tech.pl\/de\/wp-json\/wp\/v2\/comments?post=42"}],"version-history":[{"count":49,"href":"https:\/\/hemm-tech.pl\/de\/wp-json\/wp\/v2\/pages\/42\/revisions"}],"predecessor-version":[{"id":2356,"href":"https:\/\/hemm-tech.pl\/de\/wp-json\/wp\/v2\/pages\/42\/revisions\/2356"}],"wp:attachment":[{"href":"https:\/\/hemm-tech.pl\/de\/wp-json\/wp\/v2\/media?parent=42"}],"curies":[{"name":"wp","href":"https:\/\/api.w.org\/{rel}","templated":true}]}}